{"id":3192,"date":"2021-09-20T11:02:53","date_gmt":"2021-09-20T11:02:53","guid":{"rendered":"https:\/\/www.matt27.co.uk\/photo\/?page_id=3192"},"modified":"2023-03-22T15:00:27","modified_gmt":"2023-03-22T15:00:27","slug":"introduction","status":"publish","type":"page","link":"http:\/\/www.matt27.co.uk\/photo\/","title":{"rendered":"Introduction"},"content":{"rendered":"\n<p id=\"block-c2b90594-5113-47f7-ad1d-ae8fb328eebe\" style=\"font-size:19px\"><strong>Matt Andrews<\/strong><\/p>\n\n\n\n<div class=\"wp-block-columns is-layout-flex wp-container-3\">\n<div class=\"wp-block-column is-layout-flow\" style=\"flex-basis:45%\">\n<p id=\"block-a5592a85-5de6-4396-9288-2fba84898b04\" style=\"font-size:19px\">Bird photography<\/p>\n\n\n\n<p id=\"block-a5592a85-5de6-4396-9288-2fba84898b04\">&#8220;As a passionate and dedicated photographer, I now specialize in photographing small wild birds, in flight where possible. My images are the result of many years of constantly making small refinements to my technique, combined with my ever-increasing knowledge of bird behavior. \u201d<\/p>\n\n\n\n<p id=\"block-a49bf84b-ba0c-4a55-a1a8-0c23e6087fed\">To contact me send an email to matt@matt27.co.uk<\/p>\n<\/div>\n\n\n\n<div class=\"wp-block-column is-layout-flow\">\n<p style=\"font-size:19px\">Photographe d&#8217;oiseaux<\/p>\n\n\n\n<p>\u201c En tant que photographe passionn\u00e9 et d\u00e9vou\u00e9, je me sp\u00e9cialise maintenant dans la photographie de petits oiseaux sauvages, en vol si possible. Mes images sont le r\u00e9sultat de nombreuses ann\u00e9es \u00e0 apporter constamment de petits raffinements \u00e0 ma technique, combin\u00e9s \u00e0 ma connaissance toujours croissante du comportement de l&#8217;oiseau.\u201d<\/p>\n\n\n\n<p id=\"block-db6bc91f-bff8-4665-a3ac-66d97342431b\">Pour me contacter, envoyez un e-mail \u00e0 matt@matt27.co.uk<\/p>\n<\/div>\n<\/div>\n\n\n\n<div class=\"wp-block-group alignfull is-layout-flow\"><div class=\"wp-block-group__inner-container\">\n<div style=\"height:16px\" aria-hidden=\"true\" class=\"wp-block-spacer\"><\/div>\n\n\n\n<h3 class=\"has-text-color wp-block-heading\" style=\"color:#a2a2a2\">Bird photography galleries 2019 &#8211; 2023<\/h3>\n\n\n\n<div style=\"height:5px\" aria-hidden=\"true\" class=\"wp-block-spacer\"><\/div>\n\n\n\n<div class=\"wp-block-columns alignwide are-vertically-aligned-top is-layout-flex wp-container-7\">\n<div class=\"wp-block-column is-vertically-aligned-top is-layout-flow\">\n<figure class=\"wp-block-image size-large\"><a href=\"https:\/\/www.matt27.co.uk\/photo\/birds-2016\/\"><img decoding=\"async\" loading=\"lazy\" width=\"1024\" height=\"1024\" src=\"http:\/\/www.matt27.co.uk\/photo\/files\/2021\/09\/IMG_3618-1024x1024.jpg\" alt=\"\" class=\"wp-image-3199\" srcset=\"http:\/\/www.matt27.co.uk\/photo\/files\/2021\/09\/IMG_3618-1024x1024.jpg 1024w, http:\/\/www.matt27.co.uk\/photo\/files\/2021\/09\/IMG_3618-300x300.jpg 300w, http:\/\/www.matt27.co.uk\/photo\/files\/2021\/09\/IMG_3618-150x150.jpg 150w, http:\/\/www.matt27.co.uk\/photo\/files\/2021\/09\/IMG_3618-768x768.jpg 768w, http:\/\/www.matt27.co.uk\/photo\/files\/2021\/09\/IMG_3618-1536x1536.jpg 1536w, http:\/\/www.matt27.co.uk\/photo\/files\/2021\/09\/IMG_3618.jpg 1600w\" sizes=\"(max-width: 1024px) 100vw, 1024px\" \/><\/a><\/figure>\n\n\n\n<p class=\"has-text-align-center\" style=\"font-size:22px\"><a href=\"https:\/\/www.matt27.co.uk\/photo\/birds-2016\/\">2016<\/a><\/p>\n<\/div>\n\n\n\n<div class=\"wp-block-column is-vertically-aligned-top is-layout-flow\">\n<figure class=\"wp-block-image size-large\"><a href=\"https:\/\/www.matt27.co.uk\/photo\/birds-2018\"><img decoding=\"async\" loading=\"lazy\" width=\"1024\" height=\"1024\" src=\"http:\/\/www.matt27.co.uk\/photo\/files\/2021\/09\/2-IMG_9791-1024x1024.jpg\" alt=\"\" class=\"wp-image-3198\" srcset=\"http:\/\/www.matt27.co.uk\/photo\/files\/2021\/09\/2-IMG_9791-1024x1024.jpg 1024w, http:\/\/www.matt27.co.uk\/photo\/files\/2021\/09\/2-IMG_9791-300x300.jpg 300w, http:\/\/www.matt27.co.uk\/photo\/files\/2021\/09\/2-IMG_9791-150x150.jpg 150w, http:\/\/www.matt27.co.uk\/photo\/files\/2021\/09\/2-IMG_9791-768x768.jpg 768w, http:\/\/www.matt27.co.uk\/photo\/files\/2021\/09\/2-IMG_9791-1536x1536.jpg 1536w, http:\/\/www.matt27.co.uk\/photo\/files\/2021\/09\/2-IMG_9791.jpg 1600w\" sizes=\"(max-width: 1024px) 100vw, 1024px\" \/><\/a><\/figure>\n\n\n\n<p class=\"has-text-align-center\" style=\"font-size:22px\"><a href=\"https:\/\/www.matt27.co.uk\/photo\/birds-2018\/\" data-type=\"URL\" data-id=\"https:\/\/www.matt27.co.uk\/photo\/birds-2018\/\">2017<\/a><\/p>\n<\/div>\n\n\n\n<div class=\"wp-block-column is-vertically-aligned-top is-layout-flow\">\n<figure class=\"wp-block-image\"><a href=\"https:\/\/www.matt27.co.uk\/photo\/birds-2018-2\/\"><img decoding=\"async\" src=\"https:\/\/monsite.woopic.com\/383\/p\/oiseauxdebaume\/img\/90da420cc7910a2048584de6eddb69c5.jpg\" alt=\"IMG_4926-001\"\/><\/a><\/figure>\n\n\n\n<p class=\"has-text-align-center\" style=\"font-size:22px\"><a href=\"https:\/\/www.matt27.co.uk\/photo\/birds-2018-2\/\">2018<\/a><\/p>\n<\/div>\n<\/div>\n\n\n\n<div class=\"wp-block-columns alignwide are-vertically-aligned-top is-layout-flex wp-container-11\">\n<div class=\"wp-block-column is-vertically-aligned-top is-layout-flow\">\n<figure class=\"wp-block-image\"><a href=\"https:\/\/www.matt27.co.uk\/photo\/birds-2019\/\"><img decoding=\"async\" src=\"https:\/\/monsite.woopic.com\/383\/p\/oiseauxdebaume\/img\/056e81809f732567192eb442ea2deee5.jpg\" alt=\"IMG_4953\"\/><\/a><\/figure>\n\n\n\n<p class=\"has-text-align-center\" style=\"font-size:22px\"><a href=\"https:\/\/www.matt27.co.uk\/photo\/birds-2019\/\">2019<\/a><\/p>\n<\/div>\n\n\n\n<div class=\"wp-block-column is-vertically-aligned-top is-layout-flow\">\n<figure class=\"wp-block-image size-large\"><a href=\"https:\/\/www.matt27.co.uk\/photo\/birds-2020\/\"><img decoding=\"async\" loading=\"lazy\" width=\"1024\" height=\"1024\" src=\"https:\/\/www.matt27.co.uk\/photo\/files\/2021\/09\/IMG_1630-1024x1024.jpg\" alt=\"\" class=\"wp-image-3219\" srcset=\"http:\/\/www.matt27.co.uk\/photo\/files\/2021\/09\/IMG_1630-1024x1024.jpg 1024w, http:\/\/www.matt27.co.uk\/photo\/files\/2021\/09\/IMG_1630-300x300.jpg 300w, http:\/\/www.matt27.co.uk\/photo\/files\/2021\/09\/IMG_1630-150x150.jpg 150w, http:\/\/www.matt27.co.uk\/photo\/files\/2021\/09\/IMG_1630-768x769.jpg 768w, http:\/\/www.matt27.co.uk\/photo\/files\/2021\/09\/IMG_1630.jpg 1491w\" sizes=\"(max-width: 1024px) 100vw, 1024px\" \/><\/a><\/figure>\n\n\n\n<p class=\"has-text-align-center\" style=\"font-size:22px\"><a href=\"https:\/\/www.matt27.co.uk\/photo\/birds-2020\/\">2020<\/a><\/p>\n<\/div>\n\n\n\n<div class=\"wp-block-column is-vertically-aligned-top is-layout-flow\">\n<figure class=\"wp-block-image size-large\"><a href=\"https:\/\/www.matt27.co.uk\/photo\/gallery\/\"><img decoding=\"async\" loading=\"lazy\" width=\"1024\" height=\"1024\" src=\"http:\/\/www.matt27.co.uk\/photo\/files\/2021\/09\/IMG_4064-1024x1024.jpg\" alt=\"\" class=\"wp-image-3220\" srcset=\"http:\/\/www.matt27.co.uk\/photo\/files\/2021\/09\/IMG_4064-1024x1024.jpg 1024w, http:\/\/www.matt27.co.uk\/photo\/files\/2021\/09\/IMG_4064-300x300.jpg 300w, http:\/\/www.matt27.co.uk\/photo\/files\/2021\/09\/IMG_4064-150x150.jpg 150w, http:\/\/www.matt27.co.uk\/photo\/files\/2021\/09\/IMG_4064-768x768.jpg 768w, http:\/\/www.matt27.co.uk\/photo\/files\/2021\/09\/IMG_4064-1536x1536.jpg 1536w, http:\/\/www.matt27.co.uk\/photo\/files\/2021\/09\/IMG_4064.jpg 1600w\" sizes=\"(max-width: 1024px) 100vw, 1024px\" \/><\/a><\/figure>\n\n\n\n<p class=\"has-text-align-center\" style=\"font-size:22px\"><a href=\"https:\/\/www.matt27.co.uk\/photo\/gallery\/\">2021-23<\/a><\/p>\n<\/div>\n<\/div>\n\n\n\n<p><\/p>\n<\/div><\/div>\n\n\n<div id=\"themify_builder_content-3192\" data-postid=\"3192\" class=\"themify_builder_content themify_builder_content-3192 themify_builder\">\n    <\/div>\n","protected":false},"excerpt":{"rendered":"<p>Matt Andrews Bird photography &#8220;As a passionate and dedicated photographer, I now specialize in photographing small wild birds, in flight where possible. My images are the result of many years of constantly making small refinements to my technique, combined with my ever-increasing knowledge of bird behavior. \u201d To contact me send an email to matt@matt27.co.uk [&hellip;]<\/p>\n","protected":false},"author":1,"featured_media":0,"parent":0,"menu_order":0,"comment_status":"closed","ping_status":"closed","template":"","meta":[],"builder_content":"","_links":{"self":[{"href":"http:\/\/www.matt27.co.uk\/photo\/wp-json\/wp\/v2\/pages\/3192"}],"collection":[{"href":"http:\/\/www.matt27.co.uk\/photo\/wp-json\/wp\/v2\/pages"}],"about":[{"href":"http:\/\/www.matt27.co.uk\/photo\/wp-json\/wp\/v2\/types\/page"}],"author":[{"embeddable":true,"href":"http:\/\/www.matt27.co.uk\/photo\/wp-json\/wp\/v2\/users\/1"}],"replies":[{"embeddable":true,"href":"http:\/\/www.matt27.co.uk\/photo\/wp-json\/wp\/v2\/comments?post=3192"}],"version-history":[{"count":38,"href":"http:\/\/www.matt27.co.uk\/photo\/wp-json\/wp\/v2\/pages\/3192\/revisions"}],"predecessor-version":[{"id":3329,"href":"http:\/\/www.matt27.co.uk\/photo\/wp-json\/wp\/v2\/pages\/3192\/revisions\/3329"}],"wp:attachment":[{"href":"http:\/\/www.matt27.co.uk\/photo\/wp-json\/wp\/v2\/media?parent=3192"}],"curies":[{"name":"wp","href":"https:\/\/api.w.org\/{rel}","templated":true}]}}