{"id":285065,"date":"2023-02-10T05:28:56","date_gmt":"2023-02-10T05:28:56","guid":{"rendered":"https:\/\/www.matt27.co.uk\/news\/?page_id=285065"},"modified":"2023-03-01T17:10:56","modified_gmt":"2023-03-01T17:10:56","slug":"demo","status":"publish","type":"page","link":"https:\/\/www.matt27.co.uk\/news\/demo\/","title":{"rendered":"BLM"},"content":{"rendered":"<!--themify_builder_content-->\n<div id=\"themify_builder_content-285065\" data-postid=\"285065\" class=\"themify_builder_content themify_builder_content-285065 themify_builder tf_clear\">\n    \t\t\t<!-- module_row -->\n\t<div  data-css_id=\"ft4g325\" data-lazy=\"1\" class=\"module_row themify_builder_row fullwidth tb_ft4g325 tb_first tf_w tf_clearfix wow\" data-tf-animation=\"zoomIn\">\n\t    \t    <div class=\"tf_hide row-slider tb_slider\" data-bgmode=\"kenburns-effect\" data-sliderspeed=\"2000\">\n\t        <ul class=\"tf_abs row-slider-slides tf_clearfix\">\n\t    \t\t\t<li data-bg=\"https:\/\/monsite.woopic.com\/383\/p\/baumelesmessieurs\/img\/5ddd8e4c304d6fdc710b3f6b3a21392c.jpg\" data-bg-alt=\"\" class=\"normal\">\n\t\t\t    <a href=\"javascript:;\" rel=\"nofollow\" class=\"row-slider-dot\" data-index=\"0\"><span class=\"screen-reader-text\">&bull;<\/span><\/a>\n\t\t\t<\/li>\n\t\t\t\t\t<li data-bg=\"https:\/\/monsite.woopic.com\/383\/p\/baumelesmessieurs\/img\/3235a3533fe15c5ffaf3845754d02144.jpg\" data-bg-alt=\"\" class=\"normal\">\n\t\t\t    <a href=\"javascript:;\" rel=\"nofollow\" class=\"row-slider-dot\" data-index=\"1\"><span class=\"screen-reader-text\">&bull;<\/span><\/a>\n\t\t\t<\/li>\n\t\t\t\t\t<li data-bg=\"https:\/\/monsite.woopic.com\/383\/p\/baumelesmessieurs\/img\/a1401db03b769002cf384143be299ef1.jpg\" data-bg-alt=\"\" class=\"normal\">\n\t\t\t    <a href=\"javascript:;\" rel=\"nofollow\" class=\"row-slider-dot\" data-index=\"2\"><span class=\"screen-reader-text\">&bull;<\/span><\/a>\n\t\t\t<\/li>\n\t\t\t\t\t<li data-bg=\"https:\/\/monsite.woopic.com\/383\/p\/baumelesmessieurs\/img\/eaaa54d90445ded150ac8ec506a7c2e6.jpg\" data-bg-alt=\"\" class=\"normal\">\n\t\t\t    <a href=\"javascript:;\" rel=\"nofollow\" class=\"row-slider-dot\" data-index=\"3\"><span class=\"screen-reader-text\">&bull;<\/span><\/a>\n\t\t\t<\/li>\n\t\t\t\t\t<li data-bg=\"https:\/\/monsite.woopic.com\/383\/p\/baumelesmessieurs\/img\/901ff14802e5f2d8247747e5ad3b904a.jpg\" data-bg-alt=\"\" class=\"normal\">\n\t\t\t    <a href=\"javascript:;\" rel=\"nofollow\" class=\"row-slider-dot\" data-index=\"4\"><span class=\"screen-reader-text\">&bull;<\/span><\/a>\n\t\t\t<\/li>\n\t\t\t\t\t<li data-bg=\"https:\/\/monsite.woopic.com\/383\/p\/baumelesmessieurs\/img\/a2d453ace3acdad9f0ec5bd59f4e4c59.jpg\" data-bg-alt=\"\" class=\"normal\">\n\t\t\t    <a href=\"javascript:;\" rel=\"nofollow\" class=\"row-slider-dot\" data-index=\"5\"><span class=\"screen-reader-text\">&bull;<\/span><\/a>\n\t\t\t<\/li>\n\t\t\t\t\t<li data-bg=\"https:\/\/monsite.woopic.com\/383\/p\/baumelesmessieurs\/img\/9f4637e1deba297a305513da60032400.jpg\" data-bg-alt=\"\" class=\"normal\">\n\t\t\t    <a href=\"javascript:;\" rel=\"nofollow\" class=\"row-slider-dot\" data-index=\"6\"><span class=\"screen-reader-text\">&bull;<\/span><\/a>\n\t\t\t<\/li>\n\t\t\t\t\t<li data-bg=\"https:\/\/monsite.woopic.com\/383\/p\/baumelesmessieurs\/img\/ab902eae7927e9c79200dc30ad070b40.jpg\" data-bg-alt=\"\" class=\"normal\">\n\t\t\t    <a href=\"javascript:;\" rel=\"nofollow\" class=\"row-slider-dot\" data-index=\"7\"><span class=\"screen-reader-text\">&bull;<\/span><\/a>\n\t\t\t<\/li>\n\t\t\t\t\t<li data-bg=\"https:\/\/monsite.woopic.com\/383\/p\/baumelesmessieurs\/img\/f1a4d4d85d97f1cc1608fac0826b09dd.jpg\" data-bg-alt=\"\" class=\"normal\">\n\t\t\t    <a href=\"javascript:;\" rel=\"nofollow\" class=\"row-slider-dot\" data-index=\"8\"><span class=\"screen-reader-text\">&bull;<\/span><\/a>\n\t\t\t<\/li>\n\t\t\t        <\/ul>\n\t        <div class=\"row-slider-nav tf_abs_t tf_w\">\n\t    \t<a href=\"javascript:;\" rel=\"nofollow\" class=\"row-slider-arrow row-slider-prev tf_hidden tf_abs_t\"><span class=\"screen-reader-text\">&larr;<\/span><\/a>\n\t    \t<a href=\"javascript:;\" rel=\"nofollow\" class=\"row-slider-arrow row-slider-next tf_hidden tf_abs_t\"><span class=\"screen-reader-text\">&rarr;<\/span><\/a>\n\t        <\/div>\n\t    <\/div>\n\t    <!-- \/.row-bgs -->\n\t    \t\t\t<div class=\"row_inner col_align_top tb_col_count_1 tf_box tf_rel\">\n\t\t            <div  data-lazy=\"1\" class=\"module_column tb-column col-full tb_ep7u325 first\">\n                                                        <div class=\"tb-column-inner tf_box tf_w\">\n                        <!-- module text -->\n<div  class=\"module module-text tb_gi3b21   \" data-lazy=\"1\">\n        <div  class=\"tb_text_wrap\">\n    <h2>Abbaye<br>Grottes<br>Camping<br>Recul\u00e9e<br>Cascades<\/h2>    <\/div>\n<\/div>\n<!-- \/module text -->                    <\/div>\n                            <\/div>\n            \t    <\/div>\n\t    <!-- \/row_inner -->\n\t<\/div>\n\t<!-- \/module_row -->\n\t\t\t\t<!-- module_row -->\n\t<div  data-lazy=\"1\" class=\"module_row themify_builder_row tb_0p3x325 tf_w tf_clearfix\">\n\t    \t\t\t<div class=\"row_inner col_align_top tb_col_count_2 tf_box tf_rel\">\n\t\t            <div  data-lazy=\"1\" class=\"module_column tb-column col3-2 tb_gfwm325 first\">\n                                                        <div class=\"tb-column-inner tf_box tf_w\">\n                        <!-- module text -->\n<div  class=\"module module-text tb_m6v7325  repeat \" data-lazy=\"1\">\n        <div  class=\"tb_text_wrap\">\n    <h1><span style=\"color: #808080;\">Bienvenue \u00e0 <br><\/span><span style=\"color: #003366;\">Baume-les-Messieurs<\/span><\/h1>\n<p><strong>D\u00e9couvrez un paysage extraordinaire de grottes, de falaises et de cascades<\/strong><\/p>\n<p><strong>Abbaye et grottes au c\u0153ur d\u2019une des plus belles recul\u00e9es du Jura<\/strong><\/p>\n<p>Baume-les-Messieurs se trouve dans le d\u00e9partement du Jura (39), France, entre Dijon, Lyon et Gen\u00e8ve, 20 mn de l\u2019A39, sortie Lons-le-Saunier.<\/p>    <\/div>\n<\/div>\n<!-- \/module text -->\t<div  data-lazy=\"1\" class=\"module_subrow themify_builder_sub_row tb_ktv7432 tf_w tf_clearfix\">\n\t    \t\t\t<div class=\"subrow_inner col_align_middle tb_col_count_2 tf_box tf_w\">\n\t\t            <div  data-lazy=\"1\" class=\"module_column sub_column col4-2 tb_eytf433 first\">\n                                                        <div class=\"tb-column-inner tf_box tf_w\">\n                        <!-- module image -->\n<div  class=\"module module-image tb_l9jt326   image-top auto_fullwidth tf_mw\" data-lazy=\"1\">\n        <div class=\"image-wrap tf_rel tf_mw\">\n\t\t    <img src=\"http:\/\/www.matt27.co.uk\/news\/wp-content\/uploads\/r15reculee.jpg\" width=\"560\" title=\"BLM\" alt=\"BLM\">\t\n\t\t<\/div>\n\t<!-- \/image-wrap -->\n    \n    \t<\/div>\n<!-- \/module image -->                    <\/div>\n                            <\/div>\n                        <div  data-lazy=\"1\" class=\"module_column sub_column col4-2 tb_cn4h541 last\">\n                                                        <div class=\"tb-column-inner tf_box tf_w\">\n                        <!-- module text -->\n<div  class=\"module module-text tb_f48v326  repeat \" data-lazy=\"1\">\n        <div  class=\"tb_text_wrap\">\n    <h2>La Recul\u00e9e<\/h2>\n<div class=\"image-caption tb_text_wrap\"><strong>Le Cirque de Baume Class\u00e9 3***<\/strong><\/div>\n<div>\u00a0<\/div>\n<div class=\"image-caption tb_text_wrap\">Domin\u00e9 par de vertigineuses falaises, Baume-les-Messieurs se niche au milieu de trois recul\u00e9es typiques du paysage jurassien.<\/div>    <\/div>\n<\/div>\n<!-- \/module text --><!-- module buttons -->\n<div  class=\"module module-buttons tb_vxef326 buttons-horizontal solid \" data-lazy=\"1\">\n    \t<div class=\"module-buttons-item tf_inline_b\">\n\t\t\t\t\t\t\t<a href=\"https:\/\/www.matt27.co.uk\/news\/music-and-audio\/\" class=\"ui builder_button transparent\" >\n\t\t\t\t\t\t\t\t\t\t\t<span class=\"tf_inline_b tf_vmiddle\">Lire plus<\/span>\n\t\t\t\t\t\t\t\t\t<em class=\"tf_inline_b tf_vmiddle\"><svg  class=\"tf_fa tf-ti-arrow-right\" aria-hidden=\"true\"><use href=\"#tf-ti-arrow-right\"><\/use><\/svg><\/em>\t\t\t\t\t\t\t\t\t\t\t<\/a>\n\t\t\t    \t<\/div>\n    <\/div>\n<!-- \/module buttons -->\n                    <\/div>\n                            <\/div>\n            \t    <\/div>\n\t<\/div><!-- \/themify_builder_sub_row -->\n\t\t<div  data-lazy=\"1\" class=\"module_subrow themify_builder_sub_row tb_20lt192 tf_w tf_clearfix\">\n\t    \t\t\t<div class=\"subrow_inner col_align_middle tb_col_count_2 tf_box tf_w\">\n\t\t            <div  data-lazy=\"1\" class=\"module_column sub_column col4-2 tb_zdmh193 first\">\n                                                        <div class=\"tb-column-inner tf_box tf_w\">\n                        <!-- module text -->\n<div  class=\"module module-text tb_pj0v326  repeat \" data-lazy=\"1\">\n        <div  class=\"tb_text_wrap\">\n    <h2>Abbaye<\/h2>\n<p>Son existence est attest\u00e9e depuis le VIIe si\u00e8cle. Visites guid\u00e9es du 1er avril au 30 septembre et durant les vacances scolaires.<\/p>    <\/div>\n<\/div>\n<!-- \/module text --><!-- module buttons -->\n<div  class=\"module module-buttons tb_ydy5228 buttons-horizontal solid \" data-lazy=\"1\">\n    \t<div class=\"module-buttons-item tf_inline_b\">\n\t\t\t\t\t\t\t<a href=\"https:\/\/www.matt27.co.uk\/news\/music-and-audio\/\" class=\"ui builder_button transparent\" >\n\t\t\t\t\t\t\t\t\t\t\t<span class=\"tf_inline_b tf_vmiddle\">Lire plus<\/span>\n\t\t\t\t\t\t\t\t\t<em class=\"tf_inline_b tf_vmiddle\"><svg  class=\"tf_fa tf-ti-arrow-right\" aria-hidden=\"true\"><use href=\"#tf-ti-arrow-right\"><\/use><\/svg><\/em>\t\t\t\t\t\t\t\t\t\t\t<\/a>\n\t\t\t    \t<\/div>\n    <\/div>\n<!-- \/module buttons -->\n                    <\/div>\n                            <\/div>\n                        <div  data-lazy=\"1\" class=\"module_column sub_column col4-2 tb_4fe9194 last\">\n                                                        <div class=\"tb-column-inner tf_box tf_w\">\n                        <!-- module image -->\n<div  class=\"module module-image tb_wb3n326   image-top auto_fullwidth tf_mw\" data-lazy=\"1\">\n        <div class=\"image-wrap tf_rel tf_mw\">\n\t\t    <img src=\"http:\/\/www.matt27.co.uk\/news\/wp-content\/uploads\/salle-abbaye.jpg\" width=\"560\" title=\"BLM\" alt=\"BLM\">\t\n\t\t<\/div>\n\t<!-- \/image-wrap -->\n    \n    \t<\/div>\n<!-- \/module image -->                    <\/div>\n                            <\/div>\n            \t    <\/div>\n\t<\/div><!-- \/themify_builder_sub_row -->\n\t\t<div  data-lazy=\"1\" class=\"module_subrow themify_builder_sub_row tb_bntq228 tf_w tf_clearfix\">\n\t    \t\t\t<div class=\"subrow_inner col_align_middle tb_col_count_2 tf_box tf_w\">\n\t\t            <div  data-lazy=\"1\" class=\"module_column sub_column col4-2 tb_te4m228 first\">\n                                                        <div class=\"tb-column-inner tf_box tf_w\">\n                        <!-- module image -->\n<div  class=\"module module-image tb_pbtg87   image-top auto_fullwidth tf_mw\" data-lazy=\"1\">\n        <div class=\"image-wrap tf_rel tf_mw\">\n\t\t    <img src=\"http:\/\/www.matt27.co.uk\/news\/wp-content\/uploads\/600-grottes.jpg\" width=\"560\" title=\"BLM\" alt=\"BLM\">\t\n\t\t<\/div>\n\t<!-- \/image-wrap -->\n    \n    \t<\/div>\n<!-- \/module image -->                    <\/div>\n                            <\/div>\n                        <div  data-lazy=\"1\" class=\"module_column sub_column col4-2 tb_2gfm228 last\">\n                                                        <div class=\"tb-column-inner tf_box tf_w\">\n                        <!-- module text -->\n<div  class=\"module module-text tb_1dax87  repeat \" data-lazy=\"1\">\n        <div  class=\"tb_text_wrap\">\n    <h2>Les Grottes de Baume<\/h2>\n<p>Parmi les plus spectaculaires en Europe. D\u00e9couvrez des formations g\u00e9ologiques \u00e9tonnantes 1 km de galeries am\u00e9nag\u00e9es. Acc\u00e8s en Visites guid\u00e9es d\u2019avril \u00e0 septembre.<\/p>    <\/div>\n<\/div>\n<!-- \/module text --><!-- module buttons -->\n<div  class=\"module module-buttons tb_578p326 buttons-horizontal solid \" data-lazy=\"1\">\n    \t<div class=\"module-buttons-item tf_inline_b\">\n\t\t\t\t\t\t\t<a href=\"https:\/\/www.matt27.co.uk\/news\/music-and-audio\/\" class=\"ui builder_button transparent\" >\n\t\t\t\t\t\t\t\t\t\t\t<span class=\"tf_inline_b tf_vmiddle\">Lire plus<\/span>\n\t\t\t\t\t\t\t\t\t<em class=\"tf_inline_b tf_vmiddle\"><svg  class=\"tf_fa tf-ti-arrow-right\" aria-hidden=\"true\"><use href=\"#tf-ti-arrow-right\"><\/use><\/svg><\/em>\t\t\t\t\t\t\t\t\t\t\t<\/a>\n\t\t\t    \t<\/div>\n    <\/div>\n<!-- \/module buttons -->\n                    <\/div>\n                            <\/div>\n            \t    <\/div>\n\t<\/div><!-- \/themify_builder_sub_row -->\n\t<!-- module image -->\n<div  class=\"module module-image tb_xr13153   image-top tf_mw\" data-lazy=\"1\">\n        <div class=\"image-wrap tf_rel tf_mw\">\n\t\t    <img src=\"http:\/\/www.matt27.co.uk\/news\/wp-content\/uploads\/a1.jpg\" width=\"1664\" height=\"644\" title=\"BLM\" alt=\"BLM\">\t\n\t\t<\/div>\n\t<!-- \/image-wrap -->\n    \n    \t<\/div>\n<!-- \/module image --><!-- module text -->\n<div  class=\"module module-text tb_ag3n941   \" data-lazy=\"1\">\n        <div  class=\"tb_text_wrap\">\n    <h2>Gallerie<\/h2>    <\/div>\n<\/div>\n<!-- \/module text -->                    <\/div>\n                            <\/div>\n                        <div  data-lazy=\"1\" class=\"module_column tb-column col3-1 tb_d4d3221 last\">\n                                                        <div class=\"tb-column-inner tf_box tf_w\">\n                        \t<div  data-lazy=\"1\" class=\"module_subrow themify_builder_sub_row tb_691o457 tf_w tf_clearfix\">\n\t    \t\t\t<div class=\"subrow_inner col_align_top tb_col_count_1 tf_box tf_w\">\n\t\t            <div  data-lazy=\"1\" class=\"module_column sub_column col-full tb_p46z457 first\">\n                                                        <div class=\"tb-column-inner tf_box tf_w\">\n                        <!-- module image -->\n<div  class=\"module module-image tb_1wii415   image-top tf_mw\" data-lazy=\"1\">\n        <div class=\"image-wrap tf_rel tf_mw\">\n\t\t    <img src=\"http:\/\/www.matt27.co.uk\/news\/wp-content\/uploads\/v2.jpg\" title=\"BLM\" alt=\"BLM\">\t\n\t\t<\/div>\n\t<!-- \/image-wrap -->\n    \n    \t<\/div>\n<!-- \/module image --><!-- module text -->\n<div  class=\"module module-text tb_w6ho840  repeat \" data-lazy=\"1\">\n        <div  class=\"tb_text_wrap\">\n    <p><strong>Activit\u00e9s \u00e0 l\u2019ann\u00e9e; explorez, d\u00e9couvrez et pr\u00e9parez-vous \u00e0 \u00eatre \u00e9merveill\u00e9<\/strong><\/p>\n<h2>Nature<\/h2>\n<ul>\n<li>Voir les\u00a0\u00a0<a href=\"http:\/\/www.baumelesmessieurs.fr\/les-grottes-de-baume\/\"><strong>Grottes de Baume<\/strong><\/a>, parmi les plus belles en Europe. Visites guid\u00e9es de 55mn.<\/li>\n<li>Explorer les chemins de randonn\u00e9e, voir les belv\u00e9d\u00e8res de la\u00a0<strong><a href=\"http:\/\/www.baumelesmessieurs.fr\/le-cirque-de-baume-classe-3-et-natura-2000\/\">Recul\u00e9e de Baume.<\/a><\/strong><\/li>\n<li>Decouvrir les\u00a0<a href=\"http:\/\/www.baumelesmessieurs.fr\/les-cascades\/\"><strong>Cascades<\/strong><\/a>\u00a0et appr\u00e9cier un paysage spectaculaire.<\/li>\n<\/ul>\n<div class=\"module module-text tb_5fn0505 repeat\">\n<div class=\"tb_text_wrap\">\n<h2>Culture<\/h2>\n<ul>\n<li>Visitez l\u2019<a href=\"http:\/\/www.baumelesmessieurs.fr\/abbaye-de-baume-les-messieurs\/\"><strong>Abbaye Imp\u00e9riale<\/strong><\/a><\/li>\n<li>Venez d\u00e9couvrir le retable flamand, \u0153uvre remarquable du XVIe si\u00e8cle<\/li>\n<li>D\u00e9couvrez l\u2019un des plus\u00a0<a href=\"http:\/\/www.baumelesmessieurs.fr\/video\/\"><strong>Plus Beaux Villages de France<\/strong><\/a>, site class\u00e9 3***<\/li>\n<\/ul>\n<\/div>\n<\/div>\n<div class=\"module module-text tb_awm0330 repeat\">\n<div class=\"tb_text_wrap\">\n<h2>Repos<\/h2>\n<ul>\n<li>Relaxez-vous au\u00a0<a href=\"http:\/\/www.baumelesmessieurs.fr\/camping-de-la-toupe\/\"><strong>Camping<\/strong><\/a>\u00a0spacieux, ombrag\u00e9 et bien \u00e9quip\u00e9 au bord d\u2019une\u00a0 rivi\u00e8re.<\/li>\n<li>Prenez un instant pour vous dans de belles\u00a0<a href=\"http:\/\/www.baumelesmessieurs.fr\/hebergements\/\"><strong>chambres d\u2019h\u00f4tes<\/strong><\/a>\u00a0et <b>gites<\/b>.<\/li>\n<li>Fl\u00e2nez dans les ruelles de Baume et d\u00e9couvrez des\u00a0<a href=\"http:\/\/www.baumelesmessieurs.fr\/restaurants\/\"><strong>restaurants et des caf\u00e9s<\/strong><\/a>\u00a0 ainsi que de charmantes boutiques.<\/li>\n<\/ul>\n<\/div>\n<\/div>    <\/div>\n<\/div>\n<!-- \/module text -->                    <\/div>\n                            <\/div>\n            \t    <\/div>\n\t<\/div><!-- \/themify_builder_sub_row -->\n\t                    <\/div>\n                            <\/div>\n            \t    <\/div>\n\t    <!-- \/row_inner -->\n\t<\/div>\n\t<!-- \/module_row -->\n\t\t\t\t<!-- module_row -->\n\t<div  data-lazy=\"1\" class=\"module_row themify_builder_row tb_f90v92 tf_w tf_clearfix\">\n\t    \t\t\t<div class=\"row_inner col_align_top tb_col_count_1 tf_box tf_rel\">\n\t\t            <div  data-lazy=\"1\" class=\"module_column tb-column col-full tb_wtcn93 first\">\n                                                        <div class=\"tb-column-inner tf_box tf_w\">\n                        <!-- module gallery -->\n<div  class=\"module gallery module-gallery tb_l3mz127 layout-grid  \" data-lazy=\"1\">\n    <\/div>\n<!-- \/module gallery -->                    <\/div>\n                            <\/div>\n            \t    <\/div>\n\t    <!-- \/row_inner -->\n\t<\/div>\n\t<!-- \/module_row -->\n\t<\/div>\n<!--\/themify_builder_content-->","protected":false},"excerpt":{"rendered":"<p>AbbayeGrottesCampingRecul\u00e9eCascades Bienvenue \u00e0 Baume-les-Messieurs D\u00e9couvrez un paysage extraordinaire de grottes, de falaises et de cascades Abbaye et grottes au c\u0153ur d\u2019une des plus belles recul\u00e9es du Jura Baume-les-Messieurs se trouve dans le d\u00e9partement du Jura (39), France, entre Dijon, Lyon et Gen\u00e8ve, 20 mn de l\u2019A39, sortie Lons-le-Saunier. La Recul\u00e9e Le Cirque de Baume Class\u00e9 [&hellip;]<\/p>\n","protected":false},"author":2,"featured_media":0,"parent":0,"menu_order":0,"comment_status":"closed","ping_status":"closed","template":"","meta":[],"builder_content":"<h2>Abbaye<br>Grottes<br>Camping<br>Recul\u00e9e<br>Cascades<\/h2>\n<h1>Bienvenue \u00e0 <br>Baume-les-Messieurs<\/h1> <p><strong>D\u00e9couvrez un paysage extraordinaire de grottes, de falaises et de cascades<\/strong><\/p> <p><strong>Abbaye et grottes au c\u0153ur d\u2019une des plus belles recul\u00e9es du Jura<\/strong><\/p> <p>Baume-les-Messieurs se trouve dans le d\u00e9partement du Jura (39), France, entre Dijon, Lyon et Gen\u00e8ve, 20 mn de l\u2019A39, sortie Lons-le-Saunier.<\/p>\n<img src=\"http:\/\/www.matt27.co.uk\/news\/wp-content\/uploads\/r15reculee.jpg\" width=\"560\" title=\"BLM\" alt=\"BLM\">\n<h2>La Recul\u00e9e<\/h2> <strong>Le Cirque de Baume Class\u00e9 3***<\/strong> \u00a0 Domin\u00e9 par de vertigineuses falaises, Baume-les-Messieurs se niche au milieu de trois recul\u00e9es typiques du paysage jurassien.\n<a href=\"https:\/\/www.matt27.co.uk\/news\/music-and-audio\/\" > Lire plus <em><svg aria-hidden=\"true\"><use href=\"#tf-ti-arrow-right\"><\/use><\/svg><\/em> <\/a>\n<h2>Abbaye<\/h2> <p>Son existence est attest\u00e9e depuis le VIIe si\u00e8cle. Visites guid\u00e9es du 1er avril au 30 septembre et durant les vacances scolaires.<\/p>\n<a href=\"https:\/\/www.matt27.co.uk\/news\/music-and-audio\/\" > Lire plus <em><svg aria-hidden=\"true\"><use href=\"#tf-ti-arrow-right\"><\/use><\/svg><\/em> <\/a>\n<img src=\"http:\/\/www.matt27.co.uk\/news\/wp-content\/uploads\/salle-abbaye.jpg\" width=\"560\" title=\"BLM\" alt=\"BLM\">\n<img src=\"http:\/\/www.matt27.co.uk\/news\/wp-content\/uploads\/600-grottes.jpg\" width=\"560\" title=\"BLM\" alt=\"BLM\">\n<h2>Les Grottes de Baume<\/h2> <p>Parmi les plus spectaculaires en Europe. D\u00e9couvrez des formations g\u00e9ologiques \u00e9tonnantes 1 km de galeries am\u00e9nag\u00e9es. Acc\u00e8s en Visites guid\u00e9es d\u2019avril \u00e0 septembre.<\/p>\n<a href=\"https:\/\/www.matt27.co.uk\/news\/music-and-audio\/\" > Lire plus <em><svg aria-hidden=\"true\"><use href=\"#tf-ti-arrow-right\"><\/use><\/svg><\/em> <\/a>\n<img src=\"http:\/\/www.matt27.co.uk\/news\/wp-content\/uploads\/a1.jpg\" width=\"1664\" height=\"644\" title=\"BLM\" alt=\"BLM\">\n<h2>Gallerie<\/h2>\n<img src=\"http:\/\/www.matt27.co.uk\/news\/wp-content\/uploads\/v2.jpg\" title=\"BLM\" alt=\"BLM\">\n<p><strong>Activit\u00e9s \u00e0 l\u2019ann\u00e9e; explorez, d\u00e9couvrez et pr\u00e9parez-vous \u00e0 \u00eatre \u00e9merveill\u00e9<\/strong><\/p> <h2>Nature<\/h2> <ul> <li>Voir les\u00a0\u00a0<a href=\"http:\/\/www.baumelesmessieurs.fr\/les-grottes-de-baume\/\"><strong>Grottes de Baume<\/strong><\/a>, parmi les plus belles en Europe. Visites guid\u00e9es de 55mn.<\/li> <li>Explorer les chemins de randonn\u00e9e, voir les belv\u00e9d\u00e8res de la\u00a0<strong><a href=\"http:\/\/www.baumelesmessieurs.fr\/le-cirque-de-baume-classe-3-et-natura-2000\/\">Recul\u00e9e de Baume.<\/a><\/strong><\/li> <li>Decouvrir les\u00a0<a href=\"http:\/\/www.baumelesmessieurs.fr\/les-cascades\/\"><strong>Cascades<\/strong><\/a>\u00a0et appr\u00e9cier un paysage spectaculaire.<\/li> <\/ul>\n<h2>Culture<\/h2> <ul> <li>Visitez l\u2019<a href=\"http:\/\/www.baumelesmessieurs.fr\/abbaye-de-baume-les-messieurs\/\"><strong>Abbaye Imp\u00e9riale<\/strong><\/a><\/li> <li>Venez d\u00e9couvrir le retable flamand, \u0153uvre remarquable du XVIe si\u00e8cle<\/li> <li>D\u00e9couvrez l\u2019un des plus\u00a0<a href=\"http:\/\/www.baumelesmessieurs.fr\/video\/\"><strong>Plus Beaux Villages de France<\/strong><\/a>, site class\u00e9 3***<\/li> <\/ul>\n<h2>Repos<\/h2> <ul> <li>Relaxez-vous au\u00a0<a href=\"http:\/\/www.baumelesmessieurs.fr\/camping-de-la-toupe\/\"><strong>Camping<\/strong><\/a>\u00a0spacieux, ombrag\u00e9 et bien \u00e9quip\u00e9 au bord d\u2019une\u00a0 rivi\u00e8re.<\/li> <li>Prenez un instant pour vous dans de belles\u00a0<a href=\"http:\/\/www.baumelesmessieurs.fr\/hebergements\/\"><strong>chambres d\u2019h\u00f4tes<\/strong><\/a>\u00a0et <b>gites<\/b>.<\/li> <li>Fl\u00e2nez dans les ruelles de Baume et d\u00e9couvrez des\u00a0<a href=\"http:\/\/www.baumelesmessieurs.fr\/restaurants\/\"><strong>restaurants et des caf\u00e9s<\/strong><\/a>\u00a0 ainsi que de charmantes boutiques.<\/li> <\/ul>\n[gallery ids=\"285294,285293,285292,285291,285290,285289,285288,285287,285286,285285,285284,285283,285282,285281,285280,285279,285278,285277,285276,285275,285274,285273,285272,285271,285266,285267,285268,285269,285270\"]","_links":{"self":[{"href":"https:\/\/www.matt27.co.uk\/news\/wp-json\/wp\/v2\/pages\/285065"}],"collection":[{"href":"https:\/\/www.matt27.co.uk\/news\/wp-json\/wp\/v2\/pages"}],"about":[{"href":"https:\/\/www.matt27.co.uk\/news\/wp-json\/wp\/v2\/types\/page"}],"author":[{"embeddable":true,"href":"https:\/\/www.matt27.co.uk\/news\/wp-json\/wp\/v2\/users\/2"}],"replies":[{"embeddable":true,"href":"https:\/\/www.matt27.co.uk\/news\/wp-json\/wp\/v2\/comments?post=285065"}],"version-history":[{"count":89,"href":"https:\/\/www.matt27.co.uk\/news\/wp-json\/wp\/v2\/pages\/285065\/revisions"}],"predecessor-version":[{"id":288462,"href":"https:\/\/www.matt27.co.uk\/news\/wp-json\/wp\/v2\/pages\/285065\/revisions\/288462"}],"wp:attachment":[{"href":"https:\/\/www.matt27.co.uk\/news\/wp-json\/wp\/v2\/media?parent=285065"}],"curies":[{"name":"wp","href":"https:\/\/api.w.org\/{rel}","templated":true}]}}