{"id":285498,"date":"2023-02-14T06:15:45","date_gmt":"2023-02-14T06:15:45","guid":{"rendered":"https:\/\/www.matt27.co.uk\/news\/demo-copy\/"},"modified":"2023-02-27T14:42:46","modified_gmt":"2023-02-27T14:42:46","slug":"gallery","status":"publish","type":"page","link":"https:\/\/www.matt27.co.uk\/news\/gallery\/","title":{"rendered":"BLM Gallery"},"content":{"rendered":"<!--themify_builder_content-->\n<div id=\"themify_builder_content-285498\" data-postid=\"285498\" class=\"themify_builder_content themify_builder_content-285498 themify_builder tf_clear\">\n    \t\t\t<!-- module_row -->\n\t<div  data-css_id=\"2t4h213\" data-lazy=\"1\" class=\"module_row themify_builder_row fullwidth tb_2t4h213 tb_first tf_w tf_clearfix\">\n\t    \t    <div class=\"tf_hide row-slider tb_slider\" data-bgmode=\"kenburns-effect\" data-sliderspeed=\"3500\">\n\t        <ul class=\"tf_abs row-slider-slides tf_clearfix\">\n\t    \t\t\t<li data-bg=\"https:\/\/monsite.woopic.com\/383\/p\/music39\/img\/cbb2054a7b03b4cd763be6b92cc090e2.jpg\" data-bg-alt=\"\" class=\"normal\">\n\t\t\t    <a href=\"javascript:;\" rel=\"nofollow\" class=\"row-slider-dot\" data-index=\"0\"><span class=\"screen-reader-text\">&bull;<\/span><\/a>\n\t\t\t<\/li>\n\t\t\t\t\t<li data-bg=\"https:\/\/monsite.woopic.com\/383\/p\/music39\/img\/cbb2054a7b03b4cd763be6b92cc090e2.jpg\" data-bg-alt=\"\" class=\"normal\">\n\t\t\t    <a href=\"javascript:;\" rel=\"nofollow\" class=\"row-slider-dot\" data-index=\"1\"><span class=\"screen-reader-text\">&bull;<\/span><\/a>\n\t\t\t<\/li>\n\t\t\t\t\t<li data-bg=\"https:\/\/monsite.woopic.com\/383\/p\/music39\/img\/ab22bf93132be8a8563b4a5743d62427.jpg\" data-bg-alt=\"\" class=\"normal\">\n\t\t\t    <a href=\"javascript:;\" rel=\"nofollow\" class=\"row-slider-dot\" data-index=\"2\"><span class=\"screen-reader-text\">&bull;<\/span><\/a>\n\t\t\t<\/li>\n\t\t\t\t\t<li data-bg=\"https:\/\/monsite.woopic.com\/383\/p\/music39\/img\/7b0f0123fd1a5ac0c92f8de05a099b94.jpg\" data-bg-alt=\"\" class=\"normal\">\n\t\t\t    <a href=\"javascript:;\" rel=\"nofollow\" class=\"row-slider-dot\" data-index=\"3\"><span class=\"screen-reader-text\">&bull;<\/span><\/a>\n\t\t\t<\/li>\n\t\t\t\t\t<li data-bg=\"https:\/\/monsite.woopic.com\/383\/p\/music39\/img\/1373eec5f59bfa65c90c42861576b452.jpg\" data-bg-alt=\"\" class=\"normal\">\n\t\t\t    <a href=\"javascript:;\" rel=\"nofollow\" class=\"row-slider-dot\" data-index=\"4\"><span class=\"screen-reader-text\">&bull;<\/span><\/a>\n\t\t\t<\/li>\n\t\t\t        <\/ul>\n\t        <div class=\"row-slider-nav tf_abs_t tf_w\">\n\t    \t<a href=\"javascript:;\" rel=\"nofollow\" class=\"row-slider-arrow row-slider-prev tf_hidden tf_abs_t\"><span class=\"screen-reader-text\">&larr;<\/span><\/a>\n\t    \t<a href=\"javascript:;\" rel=\"nofollow\" class=\"row-slider-arrow row-slider-next tf_hidden tf_abs_t\"><span class=\"screen-reader-text\">&rarr;<\/span><\/a>\n\t        <\/div>\n\t    <\/div>\n\t    <!-- \/.row-bgs -->\n\t    \t\t\t<div class=\"row_inner col_align_top gutter-none tb_col_count_2 tf_box tf_rel\">\n\t\t            <div  data-lazy=\"1\" class=\"module_column tb-column col4-2 tb_8pp6213 first\">\n                                                        <div class=\"tb-column-inner tf_box tf_w\">\n                        \t<div  data-lazy=\"1\" class=\"module_subrow themify_builder_sub_row tb_nxrb19 tf_w tf_clearfix wow\" data-tf-animation=\"slideOutLeft\" data-tf-animation_delay=\"3\">\n\t    \t\t\t<div class=\"subrow_inner col_align_top tb_col_count_1 tf_box tf_w\">\n\t\t            <div  data-lazy=\"1\" class=\"module_column sub_column col-full tb_f79k19 first\">\n                                                        <div class=\"tb-column-inner tf_box tf_w\">\n                        <!-- module text -->\n<div  class=\"module module-text tb_hvne630   \" data-lazy=\"1\">\n        <div  class=\"tb_text_wrap\">\n    <h1 style=\"text-align: right;\"><span style=\"color: #ffffff;\">Bienvenue \u00e0<\/span><\/h1>    <\/div>\n<\/div>\n<!-- \/module text -->                    <\/div>\n                            <\/div>\n            \t    <\/div>\n\t<\/div><!-- \/themify_builder_sub_row -->\n\t                    <\/div>\n                            <\/div>\n                        <div  data-lazy=\"1\" class=\"module_column tb-column col4-2 tb_9jo4378 last\">\n                                                        <div class=\"tb-column-inner tf_box tf_w\">\n                        \t<div  data-lazy=\"1\" class=\"module_subrow themify_builder_sub_row tb_0guz740 tf_w tf_clearfix wow\" data-tf-animation=\"slideOutRight\" data-tf-animation_delay=\"3\">\n\t    \t\t\t<div class=\"subrow_inner col_align_top tb_col_count_1 tf_box tf_w\">\n\t\t            <div  data-lazy=\"1\" class=\"module_column sub_column col-full tb_2wnz740 first\">\n                                                        <div class=\"tb-column-inner tf_box tf_w\">\n                        <!-- module text -->\n<div  class=\"module module-text tb_p21p77   \" data-lazy=\"1\">\n        <div  class=\"tb_text_wrap\">\n    <h1><span style=\"color: #ffffff;\">\u00a0Baume-les-Messieurs<\/span><\/h1>    <\/div>\n<\/div>\n<!-- \/module text -->                    <\/div>\n                            <\/div>\n            \t    <\/div>\n\t<\/div><!-- \/themify_builder_sub_row -->\n\t                    <\/div>\n                            <\/div>\n            \t    <\/div>\n\t    <!-- \/row_inner -->\n\t<\/div>\n\t<!-- \/module_row -->\n\t\t\t\t<!-- module_row -->\n\t<div  data-lazy=\"1\" class=\"module_row themify_builder_row tb_64n1273 tf_w tf_clearfix\">\n\t    \t\t\t<div class=\"row_inner col_align_top tb_col_count_1 tf_box tf_rel\">\n\t\t            <div  data-lazy=\"1\" class=\"module_column tb-column col-full tb_v2v0273 first\">\n                                                        <div class=\"tb-column-inner tf_box tf_w\">\n                        <!-- module text -->\n<div  class=\"module module-text tb_5wp1644    wow\" data-tf-animation=\"fadeIn\" data-tf-animation_delay=\"6\" data-lazy=\"1\">\n        <div  class=\"tb_text_wrap\">\n    <h1 style=\"text-align: center; color: white;\"><!-- shortcode slider --><div id=\"slider-24769e4c9f56f881\" class=\"themify-shortcodes-slider shortcode tf_clearfix slider sli effect-scroll\">\n\t<ul data-slider='eyJzbGlkZXJfbmF2IjowLCJwYWdlciI6MSwid3JhcHZhciI6MSwiYXV0byI6MSwicGF1c2VfaG92ZXIiOjAsInNwZWVkIjoiNCIsInNjcm9sbCI6IjEiLCJlZmZlY3QiOiJzY3JvbGwiLCJ2aXNpYmxlIjoxLCJudW1zbGRyIjoiMjQ3NjllNGM5ZjU2Zjg4MSIsImhlaWdodCI6ImF1dG8ifQ==' class=\"slides\"><li><div class=\"slide-wrap\">Bienvenue a  Baume-les-Messieurs<\/div><\/li><li><div class=\"slide-wrap\">Plus Beau Village de France<\/div><\/li><li><div class=\"slide-wrap\">Cit\u00e9 de Caract\u00e8re Bourgogne-Franche Comt\u00e9<\/div><\/li><li><div class=\"slide-wrap\">Abbaye, grottes, camping, recul\u00e9e<br \/>\nCascades<\/div><\/li><li><div class=\"slide-wrap\">Activit\u00e9s, h\u00e9bergements et restauration<\/div><\/li><li><div class=\"slide-wrap\">Site Natura 2000<\/div><\/li><\/ul><\/div>\n\t\t<!-- \/shortcode slider --><\/h1>\n    <\/div>\n<\/div>\n<!-- \/module text -->                    <\/div>\n                            <\/div>\n            \t    <\/div>\n\t    <!-- \/row_inner -->\n\t<\/div>\n\t<!-- \/module_row -->\n\t\t\t\t<!-- module_row -->\n\t<div  data-lazy=\"1\" class=\"module_row themify_builder_row tb_d0tt586 tf_w tf_clearfix\">\n\t    \t\t\t<div class=\"row_inner col_align_top tb_col_count_1 tf_box tf_rel\">\n\t\t            <div  data-lazy=\"1\" class=\"module_column tb-column col-full tb_3ptj586 first\">\n                                                        <div class=\"tb-column-inner tf_box tf_w\">\n                        <!-- module gallery -->\n<div  class=\"module gallery module-gallery tb_yufc523 layout-grid  \" data-lazy=\"1\">\n    <div class=\"module-gallery-grid gallery-columns-1 tf_clear\">\n\t\t\t<dl class=\"gallery-item\">\n\t\t\t<dt class=\"gallery-icon\">\n\t\t\t<a data-title=\"\" title=\"\" href=\"https:\/\/monsite.woopic.com\/383\/p\/music39\/img\/ab22bf93132be8a8563b4a5743d62427.jpg\" data-rel=\"tb_yufc523\" class=\"themify_lightbox\"><img src=\"https:\/\/monsite.woopic.com\/383\/p\/music39\/img\/ab22bf93132be8a8563b4a5743d62427.jpg\" width=\"800\" height=\"600\" class=\"wp-post-image wp-image-285563\" title=\"ab22bf93132be8a8563b4a5743d62427.jpg\" alt=\"ab22bf93132be8a8563b4a5743d62427.jpg\"><\/a>\t\t\t<\/dt>\n\t\t\t<dd>\n\t\t\t\t\t\t\t\t\t\t\t<\/dd>\n\t\t<\/dl>\n\t\t\t<dl class=\"gallery-item\">\n\t\t\t<dt class=\"gallery-icon\">\n\t\t\t<a data-title=\"\" title=\"\" href=\"https:\/\/monsite.woopic.com\/383\/p\/music39\/img\/7b0f0123fd1a5ac0c92f8de05a099b94.jpg\" data-rel=\"tb_yufc523\" class=\"themify_lightbox\"><img src=\"https:\/\/monsite.woopic.com\/383\/p\/music39\/img\/7b0f0123fd1a5ac0c92f8de05a099b94.jpg\" width=\"800\" height=\"500\" class=\"wp-post-image wp-image-285562\" title=\"7b0f0123fd1a5ac0c92f8de05a099b94.jpg\" alt=\"7b0f0123fd1a5ac0c92f8de05a099b94.jpg\"><\/a>\t\t\t<\/dt>\n\t\t\t<dd>\n\t\t\t\t\t\t\t\t\t\t\t<\/dd>\n\t\t<\/dl>\n\t\t\t<dl class=\"gallery-item\">\n\t\t\t<dt class=\"gallery-icon\">\n\t\t\t<a data-title=\"\" title=\"\" href=\"https:\/\/monsite.woopic.com\/383\/p\/music39\/img\/f7ba2f48bbe28d4f4578a1a713c98bc9.jpg\" data-rel=\"tb_yufc523\" class=\"themify_lightbox\"><img src=\"https:\/\/monsite.woopic.com\/383\/p\/music39\/img\/f7ba2f48bbe28d4f4578a1a713c98bc9.jpg\" width=\"800\" height=\"500\" class=\"wp-post-image wp-image-285561\" title=\"f7ba2f48bbe28d4f4578a1a713c98bc9.jpg\" alt=\"f7ba2f48bbe28d4f4578a1a713c98bc9.jpg\"><\/a>\t\t\t<\/dt>\n\t\t\t<dd>\n\t\t\t\t\t\t\t\t\t\t\t<\/dd>\n\t\t<\/dl>\n\t\t\t<dl class=\"gallery-item\">\n\t\t\t<dt class=\"gallery-icon\">\n\t\t\t<a data-title=\"\" title=\"\" href=\"https:\/\/monsite.woopic.com\/383\/p\/music39\/img\/412e0ff50e65a11f5b6fd58edeb843d7.jpg\" data-rel=\"tb_yufc523\" class=\"themify_lightbox\"><img src=\"https:\/\/monsite.woopic.com\/383\/p\/music39\/img\/412e0ff50e65a11f5b6fd58edeb843d7.jpg\" width=\"800\" height=\"600\" class=\"wp-post-image wp-image-285560\" title=\"412e0ff50e65a11f5b6fd58edeb843d7.jpg\" alt=\"412e0ff50e65a11f5b6fd58edeb843d7.jpg\"><\/a>\t\t\t<\/dt>\n\t\t\t<dd>\n\t\t\t\t\t\t\t\t\t\t\t<\/dd>\n\t\t<\/dl>\n\t\t\t<dl class=\"gallery-item\">\n\t\t\t<dt class=\"gallery-icon\">\n\t\t\t<a data-title=\"\" title=\"\" href=\"https:\/\/monsite.woopic.com\/383\/p\/music39\/img\/1373eec5f59bfa65c90c42861576b452.jpg\" data-rel=\"tb_yufc523\" class=\"themify_lightbox\"><img src=\"https:\/\/monsite.woopic.com\/383\/p\/music39\/img\/1373eec5f59bfa65c90c42861576b452.jpg\" width=\"800\" height=\"449\" class=\"wp-post-image wp-image-285559\" title=\"1373eec5f59bfa65c90c42861576b452.jpg\" alt=\"1373eec5f59bfa65c90c42861576b452.jpg\"><\/a>\t\t\t<\/dt>\n\t\t\t<dd>\n\t\t\t\t\t\t\t\t\t\t\t<\/dd>\n\t\t<\/dl>\n\t<\/div>\n<\/div>\n<!-- \/module gallery -->                    <\/div>\n                            <\/div>\n            \t    <\/div>\n\t    <!-- \/row_inner -->\n\t<\/div>\n\t<!-- \/module_row -->\n\t<\/div>\n<!--\/themify_builder_content-->\n\n<style>.kb-row-layout-id_a51492-40 > .kt-row-column-wrap{align-content:start;}:where(.kb-row-layout-id_a51492-40 > .kt-row-column-wrap) > .wp-block-kadence-column{justify-content:start;}.kb-row-layout-id_a51492-40 > .kt-row-column-wrap{column-gap:var(--global-kb-gap-md, 2rem);row-gap:var(--global-kb-gap-md, 2rem);padding-top:var(--global-kb-spacing-sm, 1.5rem);padding-bottom:var(--global-kb-spacing-sm, 1.5rem);grid-template-columns:minmax(0, 1fr);}.kb-row-layout-id_a51492-40 > .kt-row-layout-overlay{opacity:0.30;}@media all and (max-width: 1024px){.kb-row-layout-id_a51492-40 > .kt-row-column-wrap{grid-template-columns:minmax(0, 1fr);}}@media all and (max-width: 767px){.kb-row-layout-id_a51492-40 > .kt-row-column-wrap{grid-template-columns:minmax(0, 1fr);}}<\/style><div class=\"kb-row-layout-wrap kb-row-layout-id_a51492-40 alignnone wp-block-kadence-rowlayout\"><div class=\"kt-row-column-wrap kt-has-1-columns kt-row-layout-equal kt-tab-layout-inherit kt-mobile-layout-row kt-row-valign-top\">\n<style>.kadence-column_a46256-2d > .kt-inside-inner-col,.kadence-column_a46256-2d > .kt-inside-inner-col:before{border-top-left-radius:0px;border-top-right-radius:0px;border-bottom-right-radius:0px;border-bottom-left-radius:0px;}.kadence-column_a46256-2d > .kt-inside-inner-col:before{opacity:0.3;}.kadence-column_a46256-2d{position:relative;}<\/style>\n<div class=\"wp-block-kadence-column kadence-column_a46256-2d inner-column-1\"><div class=\"kt-inside-inner-col\"><\/div><\/div>\n\n<\/div><\/div>","protected":false},"excerpt":{"rendered":"<p>Bienvenue \u00e0 \u00a0Baume-les-Messieurs<\/p>\n","protected":false},"author":2,"featured_media":0,"parent":0,"menu_order":0,"comment_status":"closed","ping_status":"closed","template":"","meta":[],"builder_content":"<h1 style=\"text-align: right;\">Bienvenue \u00e0<\/h1>\n<h1>\u00a0Baume-les-Messieurs<\/h1>\n<h1 style=\"text-align: center; color: white;\">[themify_slider visible=\"1\" scroll=\"1\" auto=\"1\" wrap=\"yes\" slider_nav=\"no\" speed=\"slow\"][themify_slide]Bienvenue a Baume-les-Messieurs[\/themify_slide][themify_slide]Plus Beau Village de France[\/themify_slide][themify_slide]Cit\u00e9 de Caract\u00e8re Bourgogne-Franche Comt\u00e9[\/themify_slide][themify_slide]Abbaye, grottes, camping, recul\u00e9e<br \/> Cascades[\/themify_slide][themify_slide]Activit\u00e9s, h\u00e9bergements et restauration[\/themify_slide][themify_slide]Site Natura 2000[\/themify_slide][\/themify_slider]<\/h1>\n[gallery ids=\"285563,285562,285561,285560,285559\"]","_links":{"self":[{"href":"https:\/\/www.matt27.co.uk\/news\/wp-json\/wp\/v2\/pages\/285498"}],"collection":[{"href":"https:\/\/www.matt27.co.uk\/news\/wp-json\/wp\/v2\/pages"}],"about":[{"href":"https:\/\/www.matt27.co.uk\/news\/wp-json\/wp\/v2\/types\/page"}],"author":[{"embeddable":true,"href":"https:\/\/www.matt27.co.uk\/news\/wp-json\/wp\/v2\/users\/2"}],"replies":[{"embeddable":true,"href":"https:\/\/www.matt27.co.uk\/news\/wp-json\/wp\/v2\/comments?post=285498"}],"version-history":[{"count":102,"href":"https:\/\/www.matt27.co.uk\/news\/wp-json\/wp\/v2\/pages\/285498\/revisions"}],"predecessor-version":[{"id":288342,"href":"https:\/\/www.matt27.co.uk\/news\/wp-json\/wp\/v2\/pages\/285498\/revisions\/288342"}],"wp:attachment":[{"href":"https:\/\/www.matt27.co.uk\/news\/wp-json\/wp\/v2\/media?parent=285498"}],"curies":[{"name":"wp","href":"https:\/\/api.w.org\/{rel}","templated":true}]}}